{"id":10,"date":"2025-03-28T13:52:13","date_gmt":"2025-03-28T13:52:13","guid":{"rendered":"https:\/\/novait.com.ar\/sitio\/about\/"},"modified":"2025-04-04T17:26:01","modified_gmt":"2025-04-04T17:26:01","slug":"about","status":"publish","type":"page","link":"https:\/\/novait.com.ar\/sitio\/about\/","title":{"rendered":"Nosotros"},"content":{"rendered":"\t\t<div data-elementor-type=\"wp-page\" data-elementor-id=\"10\" class=\"elementor elementor-10\" data-elementor-post-type=\"page\">\n\t\t\t\t<div class=\"elementor-element elementor-element-2cf5aff e-flex e-con-boxed e-con e-parent\" data-id=\"2cf5aff\" data-element_type=\"container\" data-settings=\"{&quot;background_background&quot;:&quot;classic&quot;}\">\n\t\t\t\t\t<div class=\"e-con-inner\">\n\t\t<div class=\"elementor-element elementor-element-9bda5d9 e-con-full e-flex e-con e-child\" data-id=\"9bda5d9\" data-element_type=\"container\">\n\t\t\t\t<div class=\"elementor-element elementor-element-7efc4f9 elementor-invisible elementor-widget elementor-widget-heading\" data-id=\"7efc4f9\" data-element_type=\"widget\" data-settings=\"{&quot;_animation&quot;:&quot;fadeInDown&quot;}\" data-widget_type=\"heading.default\">\n\t\t\t\t<div class=\"elementor-widget-container\">\n\t\t\t\t\t<h2 class=\"elementor-heading-title elementor-size-default\">\u00bfQui\u00e9nes Somos?<\/h2>\t\t\t\t<\/div>\n\t\t\t\t<\/div>\n\t\t\t\t<div class=\"elementor-element elementor-element-31e067a elementor-invisible elementor-widget elementor-widget-heading\" data-id=\"31e067a\" data-element_type=\"widget\" data-settings=\"{&quot;_animation&quot;:&quot;fadeInDown&quot;}\" data-widget_type=\"heading.default\">\n\t\t\t\t<div class=\"elementor-widget-container\">\n\t\t\t\t\t<h5 class=\"elementor-heading-title elementor-size-default\">Expertos en soluciones IT con amplia experiencia. Adaptamos la  tecnolog\u00eda de vanguardia a tus necesidades.<\/h5>\t\t\t\t<\/div>\n\t\t\t\t<\/div>\n\t\t\t\t<\/div>\n\t\t\t\t\t<\/div>\n\t\t\t\t<\/div>\n\t\t<div class=\"elementor-element elementor-element-d3bfd08 e-flex e-con-boxed e-con e-parent\" data-id=\"d3bfd08\" data-element_type=\"container\" data-settings=\"{&quot;background_background&quot;:&quot;classic&quot;}\">\n\t\t\t\t\t<div class=\"e-con-inner\">\n\t\t<div class=\"elementor-element elementor-element-79001a7 e-flex e-con-boxed e-con e-child\" data-id=\"79001a7\" data-element_type=\"container\" data-settings=\"{&quot;animation&quot;:&quot;none&quot;}\">\n\t\t\t\t\t<div class=\"e-con-inner\">\n\t\t<div class=\"elementor-element elementor-element-b0c1c43 e-flex e-con-boxed e-con e-child\" data-id=\"b0c1c43\" data-element_type=\"container\">\n\t\t\t\t\t<div class=\"e-con-inner\">\n\t\t<div class=\"elementor-element elementor-element-7121f77 e-con-full e-flex elementor-invisible e-con e-child\" data-id=\"7121f77\" data-element_type=\"container\" data-settings=\"{&quot;animation&quot;:&quot;fadeInDown&quot;}\">\n\t\t\t\t<div class=\"elementor-element elementor-element-f1974fe elementor-widget elementor-widget-heading\" data-id=\"f1974fe\" data-element_type=\"widget\" data-widget_type=\"heading.default\">\n\t\t\t\t<div class=\"elementor-widget-container\">\n\t\t\t\t\t<h2 class=\"elementor-heading-title elementor-size-default\">Nuestra Misi\u00f3n<\/h2>\t\t\t\t<\/div>\n\t\t\t\t<\/div>\n\t\t\t\t<div class=\"elementor-element elementor-element-db42dab elementor-widget-divider--view-line elementor-widget elementor-widget-divider\" data-id=\"db42dab\" data-element_type=\"widget\" data-widget_type=\"divider.default\">\n\t\t\t\t<div class=\"elementor-widget-container\">\n\t\t\t\t\t\t\t<div class=\"elementor-divider\">\n\t\t\t<span class=\"elementor-divider-separator\">\n\t\t\t\t\t\t<\/span>\n\t\t<\/div>\n\t\t\t\t\t\t<\/div>\n\t\t\t\t<\/div>\n\t\t\t\t<div class=\"elementor-element elementor-element-a1096b4 elementor-widget elementor-widget-text-editor\" data-id=\"a1096b4\" data-element_type=\"widget\" data-widget_type=\"text-editor.default\">\n\t\t\t\t<div class=\"elementor-widget-container\">\n\t\t\t\t\t\t\t\t\t<p>Potenciar el crecimiento de nuestros clientes a trav\u00e9s de soluciones IT innovadoras, eficientes y accesibles. Nos enfocamos en brindar seguridad, optimizaci\u00f3n y escalabilidad a sus sistemas, garantizando un soporte de calidad en cada etapa del proceso.<\/p>\t\t\t\t\t\t\t\t<\/div>\n\t\t\t\t<\/div>\n\t\t\t\t<div class=\"elementor-element elementor-element-250ad53 elementor-widget-divider--view-line elementor-widget elementor-widget-divider\" data-id=\"250ad53\" data-element_type=\"widget\" data-widget_type=\"divider.default\">\n\t\t\t\t<div class=\"elementor-widget-container\">\n\t\t\t\t\t\t\t<div class=\"elementor-divider\">\n\t\t\t<span class=\"elementor-divider-separator\">\n\t\t\t\t\t\t<\/span>\n\t\t<\/div>\n\t\t\t\t\t\t<\/div>\n\t\t\t\t<\/div>\n\t\t\t\t<\/div>\n\t\t\t\t\t<\/div>\n\t\t\t\t<\/div>\n\t\t\t\t\t<\/div>\n\t\t\t\t<\/div>\n\t\t\t\t\t<\/div>\n\t\t\t\t<\/div>\n\t\t<div class=\"elementor-element elementor-element-fc4a95b e-con-full e-flex e-con e-parent\" data-id=\"fc4a95b\" data-element_type=\"container\">\n\t\t<div class=\"elementor-element elementor-element-d8ceb94 e-con-full e-flex e-con e-child\" data-id=\"d8ceb94\" data-element_type=\"container\">\n\t\t\t\t<div class=\"elementor-element elementor-element-f21b0e3 elementor-widget elementor-widget-text-editor\" data-id=\"f21b0e3\" data-element_type=\"widget\" data-widget_type=\"text-editor.default\">\n\t\t\t\t<div class=\"elementor-widget-container\">\n\t\t\t\t\t\t\t\t\t<h3 class=\"\" data-start=\"1461\" data-end=\"1490\"><strong data-start=\"1465\" data-end=\"1488\">\u00bfQu\u00e9 hacemos?<\/strong><\/h3><p><strong data-start=\"803\" data-end=\"822\">\u2705Soporte T\u00e9cnico<\/strong> \u2013 Asistencia remota y presencial para resolver cualquier inconveniente.<\/p><p><strong data-start=\"899\" data-end=\"917\">\u2705Cloud Services<\/strong> \u2013 Migraci\u00f3n y gesti\u00f3n de infraestructura en la nube.<\/p><p><strong data-start=\"975\" data-end=\"990\">\u2705IT Security<\/strong> \u2013 Protecci\u00f3n avanzada contra amenazas cibern\u00e9ticas.<\/p><p><strong data-start=\"1047\" data-end=\"1069\">\u2705Network Management<\/strong> \u2013 Dise\u00f1o, instalaci\u00f3n y administraci\u00f3n de redes.<\/p><p><strong data-start=\"1123\" data-end=\"1138\">\u2705Consultor\u00eda<\/strong> \u2013 Estrategias tecnol\u00f3gicas para optimizar su negocio.<\/p><p><strong data-start=\"1280\" data-end=\"1311\">\u2705Mantenimiento de Servidores<\/strong> \u2013 Gesti\u00f3n integral para un rendimiento \u00f3ptimo.<\/p>\t\t\t\t\t\t\t\t<\/div>\n\t\t\t\t<\/div>\n\t\t\t\t<\/div>\n\t\t<div class=\"elementor-element elementor-element-50afc0e e-con-full e-flex e-con e-child\" data-id=\"50afc0e\" data-element_type=\"container\">\n\t\t\t\t<div class=\"elementor-element elementor-element-4b98f27 elementor-widget elementor-widget-text-editor\" data-id=\"4b98f27\" data-element_type=\"widget\" data-widget_type=\"text-editor.default\">\n\t\t\t\t<div class=\"elementor-widget-container\">\n\t\t\t\t\t\t\t\t\t<h3 class=\"\" data-start=\"1461\" data-end=\"1490\"><strong data-start=\"1465\" data-end=\"1488\">\u00bfPor qu\u00e9 elegirnos?<\/strong><\/h3><p class=\"\" data-start=\"1491\" data-end=\"1991\">\u2705 <strong data-start=\"1493\" data-end=\"1519\">Experiencia Comprobada<\/strong> \u2013 M\u00e1s de 15 a\u00f1os ofreciendo soluciones tecnol\u00f3gicas efectivas.<\/p><p class=\"\" data-start=\"1491\" data-end=\"1991\">\u2705 <strong data-start=\"1587\" data-end=\"1611\">Innovaci\u00f3n Constante<\/strong> \u2013 Nos mantenemos a la vanguardia con las \u00faltimas tecnolog\u00edas.<\/p><p class=\"\" data-start=\"1491\" data-end=\"1991\">\u2705 <strong data-start=\"1678\" data-end=\"1704\">Atenci\u00f3n Personalizada<\/strong> \u2013 Adaptamos cada servicio a las necesidades espec\u00edficas de su empresa.<\/p><p class=\"\" data-start=\"1491\" data-end=\"1991\">\u2705 <strong data-start=\"1780\" data-end=\"1805\">Seguridad y Confianza<\/strong> \u2013 Implementamos las mejores pr\u00e1cticas en ciberseguridad y protecci\u00f3n de datos.<\/p><p class=\"\" data-start=\"1491\" data-end=\"1991\">\u2705 <strong data-start=\"1889\" data-end=\"1905\">Soporte 24\/7<\/strong> \u2013 Estamos siempre disponibles para garantizar el mejor rendimiento de sus sistemas.<\/p>\t\t\t\t\t\t\t\t<\/div>\n\t\t\t\t<\/div>\n\t\t\t\t<\/div>\n\t\t\t\t<\/div>\n\t\t<div class=\"elementor-element elementor-element-ca632a0 e-con-full e-flex elementor-invisible e-con e-child\" data-id=\"ca632a0\" data-element_type=\"container\" data-settings=\"{&quot;animation&quot;:&quot;fadeInUp&quot;}\">\n\t\t<div class=\"elementor-element elementor-element-1196d4d e-con-full e-flex e-con e-child\" data-id=\"1196d4d\" data-element_type=\"container\">\n\t\t\t\t<div class=\"elementor-element elementor-element-c3a4a23 elementor-hidden-mobile elementor-hidden-tablet elementor-widget elementor-widget-image\" data-id=\"c3a4a23\" data-element_type=\"widget\" data-widget_type=\"image.default\">\n\t\t\t\t<div class=\"elementor-widget-container\">\n\t\t\t\t\t\t\t\t\t\t\t\t\t\t\t<img fetchpriority=\"high\" decoding=\"async\" width=\"1200\" height=\"627\" src=\"https:\/\/novait.com.ar\/sitio\/wp-content\/uploads\/2025\/03\/15.png\" class=\"attachment-full size-full wp-image-2408\" alt=\"\" srcset=\"https:\/\/novait.com.ar\/sitio\/wp-content\/uploads\/2025\/03\/15.png 1200w, https:\/\/novait.com.ar\/sitio\/wp-content\/uploads\/2025\/03\/15-300x157.png 300w, https:\/\/novait.com.ar\/sitio\/wp-content\/uploads\/2025\/03\/15-1024x535.png 1024w, https:\/\/novait.com.ar\/sitio\/wp-content\/uploads\/2025\/03\/15-768x401.png 768w\" sizes=\"(max-width: 1200px) 100vw, 1200px\" \/>\t\t\t\t\t\t\t\t\t\t\t\t\t\t\t<\/div>\n\t\t\t\t<\/div>\n\t\t\t\t<\/div>\n\t\t\t\t<\/div>\n\t\t<div class=\"elementor-element elementor-element-3f443b4 e-flex e-con-boxed e-con e-parent\" data-id=\"3f443b4\" data-element_type=\"container\">\n\t\t\t\t\t<div class=\"e-con-inner\">\n\t\t<div class=\"elementor-element elementor-element-6419df9 e-con-full e-flex elementor-invisible e-con e-child\" data-id=\"6419df9\" data-element_type=\"container\" data-settings=\"{&quot;background_background&quot;:&quot;classic&quot;,&quot;animation&quot;:&quot;slideInUp&quot;}\">\n\t\t\t\t<div class=\"elementor-element elementor-element-68111ee elementor-widget elementor-widget-heading\" data-id=\"68111ee\" data-element_type=\"widget\" data-widget_type=\"heading.default\">\n\t\t\t\t<div class=\"elementor-widget-container\">\n\t\t\t\t\t<h2 class=\"elementor-heading-title elementor-size-default\">Viv\u00ed la experiencia NOVA IT<\/h2>\t\t\t\t<\/div>\n\t\t\t\t<\/div>\n\t\t\t\t<div class=\"elementor-element elementor-element-63965ed elementor-align-center elementor-button-info elementor-widget elementor-widget-button\" data-id=\"63965ed\" data-element_type=\"widget\" data-widget_type=\"button.default\">\n\t\t\t\t<div class=\"elementor-widget-container\">\n\t\t\t\t\t\t\t\t\t<div class=\"elementor-button-wrapper\">\n\t\t\t\t\t<a class=\"elementor-button elementor-button-link elementor-size-sm\" href=\"https:\/\/novait.com.ar\/sitio\/contact\/#llevatuempresa\" id=\"experiencianova\">\n\t\t\t\t\t\t<span class=\"elementor-button-content-wrapper\">\n\t\t\t\t\t\t\t\t\t<span class=\"elementor-button-text\">saber m\u00e1s<\/span>\n\t\t\t\t\t<\/span>\n\t\t\t\t\t<\/a>\n\t\t\t\t<\/div>\n\t\t\t\t\t\t\t\t<\/div>\n\t\t\t\t<\/div>\n\t\t\t\t<\/div>\n\t\t\t\t<div class=\"elementor-element elementor-element-fb1ebea elementor-widget elementor-widget-spacer\" data-id=\"fb1ebea\" data-element_type=\"widget\" data-widget_type=\"spacer.default\">\n\t\t\t\t<div class=\"elementor-widget-container\">\n\t\t\t\t\t\t\t<div class=\"elementor-spacer\">\n\t\t\t<div class=\"elementor-spacer-inner\"><\/div>\n\t\t<\/div>\n\t\t\t\t\t\t<\/div>\n\t\t\t\t<\/div>\n\t\t\t\t\t<\/div>\n\t\t\t\t<\/div>\n\t\t\t\t<\/div>\n\t\t","protected":false},"excerpt":{"rendered":"<p>\u00bfQui\u00e9nes Somos? Expertos en soluciones IT con amplia experiencia. Adaptamos la tecnolog\u00eda de vanguardia a tus necesidades. Nuestra Misi\u00f3n Potenciar el crecimiento de nuestros clientes a trav\u00e9s de soluciones IT innovadoras, eficientes y accesibles. Nos enfocamos en brindar seguridad, optimizaci\u00f3n y escalabilidad a sus sistemas, garantizando un soporte de calidad en cada etapa del proceso. [&hellip;]<\/p>\n","protected":false},"author":2,"featured_media":2408,"parent":0,"menu_order":0,"comment_status":"closed","ping_status":"closed","template":"","meta":{"site-sidebar-layout":"no-sidebar","site-content-layout":"page-builder","ast-site-content-layout":"","site-content-style":"default","site-sidebar-style":"default","ast-global-header-display":"","ast-banner-title-visibility":"","ast-main-header-display":"","ast-hfb-above-header-display":"","ast-hfb-below-header-display":"","ast-hfb-mobile-header-display":"","site-post-title":"disabled","ast-breadcrumbs-content":"disabled","ast-featured-img":"disabled","footer-sml-layout":"","theme-transparent-header-meta":"enabled","adv-header-id-meta":"","stick-header-meta":"","header-above-stick-meta":"","header-main-stick-meta":"","header-below-stick-meta":"","astra-migrate-meta-layouts":"default","ast-page-background-enabled":"default","ast-page-background-meta":{"desktop":{"background-color":"","background-image":"","background-repeat":"repeat","background-position":"center center","background-size":"auto","background-attachment":"scroll","background-type":"","background-media":"","overlay-type":"","overlay-color":"","overlay-opacity":"","overlay-gradient":""},"tablet":{"background-color":"","background-image":"","background-repeat":"repeat","background-position":"center center","background-size":"auto","background-attachment":"scroll","background-type":"","background-media":"","overlay-type":"","overlay-color":"","overlay-opacity":"","overlay-gradient":""},"mobile":{"background-color":"","background-image":"","background-repeat":"repeat","background-position":"center center","background-size":"auto","background-attachment":"scroll","background-type":"","background-media":"","overlay-type":"","overlay-color":"","overlay-opacity":"","overlay-gradient":""}},"ast-content-background-meta":{"desktop":{"background-color":"var(--ast-global-color-5)","background-image":"","background-repeat":"repeat","background-position":"center center","background-size":"auto","background-attachment":"scroll","background-type":"","background-media":"","overlay-type":"","overlay-color":"","overlay-opacity":"","overlay-gradient":""},"tablet":{"background-color":"var(--ast-global-color-5)","background-image":"","background-repeat":"repeat","background-position":"center center","background-size":"auto","background-attachment":"scroll","background-type":"","background-media":"","overlay-type":"","overlay-color":"","overlay-opacity":"","overlay-gradient":""},"mobile":{"background-color":"var(--ast-global-color-5)","background-image":"","background-repeat":"repeat","background-position":"center center","background-size":"auto","background-attachment":"scroll","background-type":"","background-media":"","overlay-type":"","overlay-color":"","overlay-opacity":"","overlay-gradient":""}},"_joinchat":[],"footnotes":""},"class_list":["post-10","page","type-page","status-publish","has-post-thumbnail","hentry"],"_links":{"self":[{"href":"https:\/\/novait.com.ar\/sitio\/wp-json\/wp\/v2\/pages\/10","targetHints":{"allow":["GET"]}}],"collection":[{"href":"https:\/\/novait.com.ar\/sitio\/wp-json\/wp\/v2\/pages"}],"about":[{"href":"https:\/\/novait.com.ar\/sitio\/wp-json\/wp\/v2\/types\/page"}],"author":[{"embeddable":true,"href":"https:\/\/novait.com.ar\/sitio\/wp-json\/wp\/v2\/users\/2"}],"replies":[{"embeddable":true,"href":"https:\/\/novait.com.ar\/sitio\/wp-json\/wp\/v2\/comments?post=10"}],"version-history":[{"count":138,"href":"https:\/\/novait.com.ar\/sitio\/wp-json\/wp\/v2\/pages\/10\/revisions"}],"predecessor-version":[{"id":2794,"href":"https:\/\/novait.com.ar\/sitio\/wp-json\/wp\/v2\/pages\/10\/revisions\/2794"}],"wp:featuredmedia":[{"embeddable":true,"href":"https:\/\/novait.com.ar\/sitio\/wp-json\/wp\/v2\/media\/2408"}],"wp:attachment":[{"href":"https:\/\/novait.com.ar\/sitio\/wp-json\/wp\/v2\/media?parent=10"}],"curies":[{"name":"wp","href":"https:\/\/api.w.org\/{rel}","templated":true}]}}